{"id":35215,"date":"2025-10-13T14:08:10","date_gmt":"2025-10-13T12:08:10","guid":{"rendered":"https:\/\/www.divine-id.com\/?page_id=35215"},"modified":"2026-01-20T11:04:02","modified_gmt":"2026-01-20T10:04:02","slug":"jvap-2026","status":"publish","type":"page","link":"https:\/\/www.divine-id.com\/en\/jvap-2026\/","title":{"rendered":"JVAP 2026"},"content":{"rendered":"<div class=\"wpb-content-wrapper\"><p>[vc_row columns=&#8221;1&#8243;][vc_column][vc_empty_space height=&#8221;12px&#8221;][vc_column_text css=&#8221;&#8221;]<\/p>\n<p style=\"text-align: center; font-size: 20px;\">Apr\u00e8s le franc succ\u00e8s de l\u2019an dernier, nous vous donnons rendez-vous \u00e0 nouveau le vendredi 6 f\u00e9vrier 2026<br \/>\npour la quatri\u00e8me \u00e9dition de la Journ\u00e9e Vasculaire de l\u2019AP-HP !<\/p>\n<p style=\"text-align: center;\">Cette ann\u00e9e encore, nous aurons le plaisir de nous retrouver \u00e0 l\u2019Espace Saint-Martin, lieu embl\u00e9matique et convivial de notre \u00e9v\u00e9nement.<br \/>\nApr\u00e8s une \u00e9dition 2025 rassemblant <strong>pr\u00e8s de 300 participants<\/strong>, cette nouvelle rencontre s\u2019annonce tout aussi riche en \u00e9changes et en apprentissages. Tout au long de la journ\u00e9e, vous pourrez assister \u00e0 des pr\u00e9sentations d\u00e9di\u00e9es aux pathologies, aux techniques chirurgicales ainsi qu\u2019\u00e0 des cas cliniques concrets qui vous permettront d\u2019approfondir vos connaissances.<\/p>\n<p style=\"text-align: center;\"><strong>Chirurgiens, m\u00e9decins, infirmiers, internes, pharmaciens\u2026<\/strong> vous \u00eates les bienvenus : le programme reste <strong>transversal, interactif et ouvert \u00e0 tous !<\/strong><\/p>\n<p>[\/vc_column_text][vc_single_image image=&#8221;14868&#8243; img_size=&#8221;full&#8221; alignment=&#8221;center&#8221; css=&#8221;.vc_custom_1760360675314{padding-top: 20px !important;padding-bottom: 20px !important;}&#8221;][\/vc_column][\/vc_row][vc_row columns=&#8221;1&#8243;][vc_column][vc_column_text css=&#8221;&#8221;]<\/p>\n<h2 style=\"color: #75d0ec; font-size: 25px; font-weight: bold; text-align: center;\"><strong>LES INSCRIPTIONS SONT OUVERTES<\/strong><\/h2>\n<p style=\"text-align: center;\">Inscrivez-vous d\u00e8s \u00e0 pr\u00e9sent pour garantir votre place.<br \/>\nL\u2019inscription est gratuite et ne vous prendra que quelques minutes.<br \/>\nNous vous remercions de remplir le formulaire suivant :<\/p>\n<p>[\/vc_column_text]<div class=\"gem-button-container gem-button-position-center thegem-button-69f23a4ccf8da1164    \"  ><a class=\"gem-button gem-button-size-small gem-button-style-flat gem-button-text-weight-normal gem-button-no-uppercase\" data-ll-effect=\"drop-right-without-wrap\" style=\"border-radius: 3px;background-color: #1F3354;\" onmouseleave=\"this.style.backgroundColor='#1F3354';\" onmouseenter=\"this.style.backgroundColor='#2A4571';\" href=\"https:\/\/forms.gle\/uyRpoL8DbTy79tax8\" target=\"_blank\">JE M&#039;INSCRIS<\/a><\/div> [vc_column_text css=&#8221;&#8221;]<\/p>\n<p style=\"text-align: center;\">Pour toute question ou pour annuler votre inscription, vous pouvez contacter Camille :<br \/>\npar mail : <a style=\"color: #1f3354;\" href=\"mailto:cmarcel@divine-id.com\">cmarcel@divine-id.com<\/a> ou par t\u00e9l\u00e9phone : +334 91 01 21 00 | +336 6 24 12 41 51.<\/p>\n<p>[\/vc_column_text][vc_single_image image=&#8221;14868&#8243; img_size=&#8221;full&#8221; alignment=&#8221;center&#8221; css=&#8221;.vc_custom_1760358260008{padding-top: 20px !important;padding-bottom: 20px !important;}&#8221;][\/vc_column][\/vc_row][vc_row el_disable_desktop=&#8221;1&#8243; el_disable_tablet=&#8221;1&#8243; el_disable_mobile=&#8221;1&#8243; columns=&#8221;1&#8243;][vc_column][vc_column_text css=&#8221;&#8221;]<\/p>\n<h2 style=\"color: #75d0ec; font-size: 25px; font-weight: bold; text-align: center;\"><strong>LES INSCRIPTIONS SONT TERMIN\u00c9ES<\/strong><\/h2>\n<p style=\"text-align: center;\">Toute nouvelle inscription sera \u00e0 effectuer sur place directement.<\/p>\n<p style=\"text-align: center;\">Pour toute question ou pour annuler votre inscription, vous pouvez contacter Camille :<br \/>\npar mail : <a href=\"mailto:cmarcel@divine-id.com\">cmarcel@divine-id.com<\/a> ou par t\u00e9l\u00e9phone : +334 91 01 21 00 | +336 6 24 12 41 51.<\/p>\n<p>[\/vc_column_text][vc_single_image image=&#8221;14868&#8243; img_size=&#8221;full&#8221; alignment=&#8221;center&#8221; css=&#8221;.vc_custom_1760358260008{padding-top: 20px !important;padding-bottom: 20px !important;}&#8221;][\/vc_column][\/vc_row][vc_row el_disable_desktop=&#8221;1&#8243; el_disable_tablet=&#8221;1&#8243; el_disable_mobile=&#8221;1&#8243; columns=&#8221;1&#8243;][vc_column][vc_column_text css=&#8221;&#8221;]<\/p>\n<h2 style=\"color: #75d0ec; font-size: 25px; font-weight: bold; text-align: center;\"><strong>D\u00c9COUVREZ LE PROGRAMME<\/strong><\/h2>\n<p style=\"text-align: center;\"><span style=\"font-size: 12pt; margin-top: 15px; text-align: center;\">Impatient(e) de d\u00e9couvrir le programme ?<br \/>\nOn vous d\u00e9voile tout dans la prochaine newsletter !<\/span><\/p>\n<div style=\"margin: 20px 10px 20px 10px;\">\n<div style=\"margin: 20px 10px 20px 10px;\">\n<div style=\"margin: 20px 10px 20px 10px;\"><\/div>\n<\/div>\n<\/div>\n<p>[\/vc_column_text][vc_single_image image=&#8221;14868&#8243; img_size=&#8221;full&#8221; alignment=&#8221;center&#8221; css=&#8221;.vc_custom_1760358260008{padding-top: 20px !important;padding-bottom: 20px !important;}&#8221;][\/vc_column][\/vc_row][vc_row columns=&#8221;1&#8243;][vc_column][vc_column_text css=&#8221;&#8221;]<\/p>\n<h2 style=\"color: #75d0ec; font-size: 25px; font-weight: bold; text-align: center;\"><strong>D\u00c9COUVREZ LE PROGRAMME<\/strong><\/h2>\n<p style=\"padding-left: 40px; padding-right: 40px; text-align: center;\"><span style=\"font-size: 12pt; margin-top: 15px; text-align: center;\">Au programme : des sessions passionnantes couvrant des nombreux aspects des pathologies vasculaires, des pr\u00e9sentations de cas pratiques, l\u2019analyse critique derni\u00e8res innovations, une session sp\u00e9ciale d\u00e9di\u00e9e aux probl\u00e9matiques modernes &#8230; Et surtout des discussions interactives et anim\u00e9es !<\/span><\/p>\n<p>[\/vc_column_text]<div class=\"gem-button-container gem-button-position-center thegem-button-69f23a4ccf9858724    \"  ><a class=\"gem-button gem-button-size-small gem-button-style-flat gem-button-text-weight-normal gem-button-no-uppercase\" data-ll-effect=\"drop-right-without-wrap\" style=\"border-radius: 3px;background-color: #1F3354;\" onmouseleave=\"this.style.backgroundColor='#1F3354';\" onmouseenter=\"this.style.backgroundColor='#2A4571';\" href=\"https:\/\/didhbgt.com\/pdf\/JVAP-2025-Programme.pdf\" target=\"_blank\">T\u00c9L\u00c9CHARGER LE PROGRAMME<\/a><\/div> [vc_single_image image=&#8221;14868&#8243; img_size=&#8221;full&#8221; alignment=&#8221;center&#8221; css=&#8221;.vc_custom_1760358260008{padding-top: 20px !important;padding-bottom: 20px !important;}&#8221;][\/vc_column][\/vc_row][vc_row columns=&#8221;1&#8243;][vc_column][vc_column_text css=&#8221;&#8221;]<\/p>\n<h2 style=\"color: #75d0ec; font-size: 25px; font-weight: bold; text-align: center;\"><strong>SPONSORS 2026<\/strong><\/h2>\n<p style=\"padding-left: 40px; padding-right: 40px; text-align: center;\"><span style=\"font-size: 12pt; margin-top: 15px; text-align: center;\">Merci \u00e0 nos partenaires 2026.<br \/>\nRendez-vous sur l\u2019espace d\u2019exposition pour les rencontrer et visiter leur stand.<\/span><\/p>\n<p>[\/vc_column_text][vc_single_image image=&#8221;35360&#8243; img_size=&#8221;full&#8221; alignment=&#8221;center&#8221; css=&#8221;.vc_custom_1768903437012{padding-top: 20px !important;padding-bottom: 20px !important;}&#8221;][vc_single_image image=&#8221;14868&#8243; img_size=&#8221;full&#8221; alignment=&#8221;center&#8221; css=&#8221;.vc_custom_1768903422743{padding-top: 20px !important;padding-bottom: 20px !important;}&#8221;][\/vc_column][\/vc_row][vc_row el_disable_desktop=&#8221;1&#8243; el_disable_tablet=&#8221;1&#8243; el_disable_mobile=&#8221;1&#8243; columns=&#8221;1&#8243;][vc_column width=&#8221;1\/3&#8243;][vc_single_image image=&#8221;35221&#8243; img_size=&#8221;full&#8221; css=&#8221;&#8221;][\/vc_column][vc_column width=&#8221;2\/3&#8243;][vc_column_text css=&#8221;&#8221;]<strong style=\"color: #75d0ec; font-size: 25px; letter-spacing: -0.03em;\">LIEU DU CONGR\u00c8S<\/strong><\/p>\n<div style=\"margin: 20px 10px 20px 10px;\">\n<p style=\"text-align: left;\"><strong>Espace Saint Martin<\/strong><br \/>\n199bis Rue Saint-Martin,<br \/>\n75003 Paris<br \/>\n<a style=\"color: #75d0ec;\" href=\"https:\/\/maps.app.goo.gl\/VN83c9aApFGPU9Cq8\"><u>Voir sur un plan<\/u><\/a><\/p>\n<p style=\"text-align: left;\"><!-- space --><\/p>\n<div style=\"margin: 20px 10px 20px 10px;\">\n<div style=\"margin: 20px 10px; text-align: left;\"><\/div>\n<\/div>\n<\/div>\n<p>[\/vc_column_text][\/vc_column][\/vc_row][vc_row columns=&#8221;1&#8243;][vc_column width=&#8221;1\/2&#8243;][vc_column_text css=&#8221;&#8221;]<\/p>\n<p style=\"text-align: center;\"><strong style=\"color: #75d0ec; font-size: 25px; letter-spacing: -0.03em;\">LIEU DU CONGR\u00c8S<\/strong><\/p>\n<div style=\"margin: 20px 10px; text-align: center;\">\n<p><strong>Espace Saint Martin<\/strong><br \/>\n199bis Rue Saint-Martin,<br \/>\n75003 Paris<br \/>\n<a style=\"color: #75d0ec;\" href=\"https:\/\/maps.app.goo.gl\/VN83c9aApFGPU9Cq8\"><u>Voir sur un plan<\/u><\/a><\/p>\n<p style=\"text-align: left;\"><!-- space --><\/p>\n<div style=\"margin: 20px 10px 20px 10px;\">\n<div style=\"margin: 20px 10px; text-align: left;\"><\/div>\n<\/div>\n<\/div>\n<p><img class=\"size-full wp-image-35221 aligncenter\" src=\"https:\/\/www.divine-id.com\/wp-content\/uploads\/2025\/10\/espace_saint_martin_paris.jpg\" alt=\"Espace Saint Martin\" width=\"250\" srcset=\"https:\/\/www.divine-id.com\/wp-content\/uploads\/2025\/10\/espace_saint_martin_paris.jpg 400w, https:\/\/www.divine-id.com\/wp-content\/uploads\/2025\/10\/espace_saint_martin_paris-350x350.jpg 350w, https:\/\/www.divine-id.com\/wp-content\/uploads\/2025\/10\/espace_saint_martin_paris-200x200.jpg 200w, https:\/\/www.divine-id.com\/wp-content\/uploads\/2025\/10\/espace_saint_martin_paris-256x256.jpg 256w\" sizes=\"(max-width: 400px) 100vw, 400px\" \/><\/p>\n<div style=\"margin: 20px 10px 20px 10px;\">\n<div style=\"margin: 20px 10px 20px 10px;\">\n<div style=\"margin: 20px 10px; text-align: center;\"><\/div>\n<\/div>\n<\/div>\n<p>[\/vc_column_text][\/vc_column][vc_column width=&#8221;1\/2&#8243;][vc_column_text css=&#8221;&#8221;]<\/p>\n<p><center><strong style=\"color: #75d0ec; font-size: 25px; letter-spacing: -0.03em;\">D\u00ceNER DU CONGR\u00c8S<\/strong><\/center><\/p>\n<div style=\"margin: 20px 10px 20px 10px;\">\n<p style=\"text-align: center;\">Cocktail d\u00eenatoire<br \/>\n<strong>Caf\u00e9 Beaubourg<\/strong><br \/>\n43 Rue Saint-Merri, 75004 Paris<br \/>\n5 minutes \u00e0 pied de l\u2019Espace Saint Martin.<\/p>\n<p><img class=\"size-full wp-image-15178 aligncenter\" src=\"https:\/\/www.divine-id.com\/wp-content\/uploads\/2024\/11\/JVAP-2025-cafe-beaubourg.jpg\" alt=\"\" width=\"300\" srcset=\"https:\/\/www.divine-id.com\/wp-content\/uploads\/2024\/11\/JVAP-2025-cafe-beaubourg.jpg 1024w, https:\/\/www.divine-id.com\/wp-content\/uploads\/2024\/11\/JVAP-2025-cafe-beaubourg-350x225.jpg 350w, https:\/\/www.divine-id.com\/wp-content\/uploads\/2024\/11\/JVAP-2025-cafe-beaubourg-600x386.jpg 600w, https:\/\/www.divine-id.com\/wp-content\/uploads\/2024\/11\/JVAP-2025-cafe-beaubourg-768x494.jpg 768w, https:\/\/www.divine-id.com\/wp-content\/uploads\/2024\/11\/JVAP-2025-cafe-beaubourg-200x129.jpg 200w, https:\/\/www.divine-id.com\/wp-content\/uploads\/2024\/11\/JVAP-2025-cafe-beaubourg-300x193.jpg 300w\" sizes=\"(max-width: 1024px) 100vw, 1024px\" \/><\/p>\n<\/div>\n<div style=\"margin: 20px 10px 20px 10px;\">\n<div style=\"margin: 20px 10px 20px 10px;\">\n<div style=\"margin: 20px 10px 20px 10px;\"><\/div>\n<\/div>\n<\/div>\n<p>[\/vc_column_text][\/vc_column][\/vc_row][vc_row el_disable_desktop=&#8221;1&#8243; el_disable_tablet=&#8221;1&#8243; el_disable_mobile=&#8221;1&#8243; columns=&#8221;1&#8243;][vc_column][vc_single_image image=&#8221;14868&#8243; img_size=&#8221;full&#8221; alignment=&#8221;center&#8221; css=&#8221;.vc_custom_1760358260008{padding-top: 20px !important;padding-bottom: 20px !important;}&#8221;][vc_column_text css=&#8221;&#8221;]<\/p>\n<div style=\"margin: 20px 10px 20px 10px;\"><\/div>\n<div style=\"margin: 20px 10px 20px 10px;\">\n<p><!-- space --><img class=\"alignnone size-full wp-image-14847 aligncenter\" src=\"https:\/\/www.divine-id.com\/wp-content\/uploads\/2024\/11\/JVAP-info.jpg\" alt=\"Information\" width=\"50px\" \/><\/p>\n<p><center><strong style=\"color: #75d0ec; font-size: 25px; letter-spacing: -0.03em;\">SE RENDRE AU CONGR\u00c8S<\/strong><\/center><\/p>\n<div style=\"margin: 20px 10px 20px 10px;\">\n<p style=\"text-align: center;\">Le centre de Paris devenant peu \u00e0 peu pi\u00e9ton, nous vous conseillons d\u2019emprunter les transports en commun pour acc\u00e9der \u00e0 l\u2019Espace Saint Martin. L\u2019acc\u00e8s en voiture est possible mais tr\u00e8s restreint. Nous vous tiendrons inform\u00e9s des conditions d\u2019acc\u00e8s dans les prochaines newsletters.<\/p>\n<div style=\"margin: 20px 10px 20px 10px;\"><!-- Membres --><\/div>\n<\/div>\n<\/div>\n<p>[\/vc_column_text][vc_single_image image=&#8221;14868&#8243; img_size=&#8221;full&#8221; alignment=&#8221;center&#8221; css=&#8221;.vc_custom_1760358260008{padding-top: 20px !important;padding-bottom: 20px !important;}&#8221;][\/vc_column][\/vc_row][vc_row columns=&#8221;1&#8243;][vc_column][vc_column_text css=&#8221;&#8221;]<\/p>\n<div style=\"margin: 20px 10px 20px 10px;\"><\/div>\n<div style=\"margin: 20px 10px 20px 10px;\">\n<div style=\"margin: 20px 10px 20px 10px;\">\n<p style=\"text-align: center;\"><strong style=\"color: #75d0ec; font-family: Inter; font-size: 25px; letter-spacing: 0.05em; text-transform: uppercase;\">MEMBRES DE LA COLL\u00c9GIALE DE L\u2019AP-HP<\/strong><\/p>\n<div style=\"margin: 20px 10px 20px 10px;\"><!-- contacts --><\/div>\n<\/div>\n<\/div>\n<p>[\/vc_column_text][vc_single_image image=&#8221;35340&#8243; img_size=&#8221;full&#8221; alignment=&#8221;center&#8221; css=&#8221;.vc_custom_1764236184072{padding-top: 20px !important;padding-bottom: 20px !important;}&#8221;][vc_single_image image=&#8221;14868&#8243; img_size=&#8221;full&#8221; alignment=&#8221;center&#8221; css=&#8221;.vc_custom_1760358260008{padding-top: 20px !important;padding-bottom: 20px !important;}&#8221;][vc_column_text css=&#8221;&#8221;]<\/p>\n<div style=\"margin: 20px 10px 20px 10px;\">\n<div style=\"margin: 20px 10px 20px 10px;\">\n<div style=\"margin: 20px 10px 20px 10px;\"><!-- contacts --><\/p>\n<h2 style=\"color: #75d0ec; font-size: 25px; font-weight: bold; text-align: center;\"><strong>VOS CONTACTS\u00a0<\/strong><\/h2>\n<table class=\" aligncenter\" style=\"width: 850px; text-align: center;\">\n<tbody>\n<tr>\n<td style=\"width: 250px;\"><center><img src=\"http:\/\/didhbgt.com\/photo\/team\/virginie.png\" alt=\"Virginie Jabes\" width=\"100\" \/><\/center><center><strong>Virginie Jabes<br \/>\n<\/strong>Cheffe de projet<\/center><center><br \/>\n<a style=\"color: #d43d29;\" href=\"mailto:vjabes@divine-id.com\">vjabes@divine-id.com<\/a><br \/>\n+33 (0)4 91 57 19 64<br \/>\n+33 (0)6 23 94 82 47\u00a0<\/center><\/td>\n<td style=\"width: 50px;\"><\/td>\n<td style=\"width: 250px;\"><center><img src=\"http:\/\/didhbgt.com\/photo\/team\/camille-250.png\" alt=\"Camille Marcel\" width=\"100\" \/><\/center><center><strong>Camille Marcel<br \/>\n<\/strong>Cheffe de projet<\/center><center><br \/>\n<a style=\"color: #d43d29;\" href=\"mailto:cmarcel@divine-id.com\">cmarcel@divine-id.com<\/a><br \/>\n+33 (0)4 91 01 21 00<br \/>\n+33 (0)6 6 24 12 41 51<\/center><\/td>\n<td style=\"width: 50px;\"><\/td>\n<td style=\"width: 250px;\"><center><center><img src=\"http:\/\/didhbgt.com\/photo\/team\/anabelle.png\" alt=\"Anabelle Flamant\" width=\"100\" \/><\/center><center><strong>Anabelle Flamant<br \/>\n<\/strong>Coordinatrice<\/center><center><br \/>\n<a style=\"color: #d43d29;\" href=\"mailto:aflamant@divine-id.com\">aflamant@divine-id.com<\/a><br \/>\n+33 (0)4 91 57 19 63<br \/>\n+33 (0)6 73 53 45 89\u00a0<\/center><\/center><\/td>\n<\/tr>\n<\/tbody>\n<\/table>\n<\/div>\n<\/div>\n<\/div>\n<p>[\/vc_column_text][vc_single_image image=&#8221;14868&#8243; img_size=&#8221;full&#8221; alignment=&#8221;center&#8221; css=&#8221;.vc_custom_1760358260008{padding-top: 20px !important;padding-bottom: 20px !important;}&#8221;][vc_column_text css=&#8221;&#8221;]<\/p>\n<div style=\"margin: 20px 10px 20px 10px;\">\n<div style=\"margin: 20px 10px 20px 10px;\">\n<div style=\"margin: 20px 10px 20px 10px;\">\n<h2 style=\"color: #75d0ec; font-size: 25px; font-weight: bold; text-align: center;\"><img class=\"size-full wp-image-14867 aligncenter\" src=\"https:\/\/www.divine-id.com\/wp-content\/uploads\/2023\/10\/logos-footer-jvap2.png\" alt=\"\" width=\"800\" \/><\/h2>\n<\/div>\n<\/div>\n<\/div>\n<p>[\/vc_column_text][\/vc_column][\/vc_row][vc_row columns=&#8221;1&#8243;][vc_column][vc_column_text]<\/p>\n<p>[\/vc_column_text][\/vc_column][\/vc_row]<\/p>\n<\/div>","protected":false},"excerpt":{"rendered":"<p>[vc_row columns=&#8221;1&#8243;][vc_column][vc_empty_space height=&#8221;12px&#8221;][vc_column_text css=&#8221;&#8221;] Apr\u00e8s le franc succ\u00e8s de l\u2019an dernier, nous vous donnons rendez-vous \u00e0 nouveau le vendredi 6 f\u00e9vrier 2026 pour la quatri\u00e8me \u00e9dition de la Journ\u00e9e Vasculaire&#8230;<\/p>\n","protected":false},"author":1,"featured_media":0,"parent":0,"menu_order":0,"comment_status":"closed","ping_status":"closed","template":"","meta":{"footnotes":""},"class_list":["post-35215","page","type-page","status-publish"],"translation":{"provider":"WPGlobus","version":"3.0.2","language":"en","enabled_languages":["fr","en"],"languages":{"fr":{"title":true,"content":true,"excerpt":false},"en":{"title":false,"content":false,"excerpt":false}}},"yoast_head":"<!-- This site is optimized with the Yoast SEO plugin v27.1.1 - https:\/\/yoast.com\/product\/yoast-seo-wordpress\/ -->\n<title>JVAP 2026 | 6 f\u00e9vrier 2026 | Espace Saint Martin, Paris<\/title>\n<meta name=\"robots\" content=\"index, follow, max-snippet:-1, max-image-preview:large, max-video-preview:-1\" \/>\n<link rel=\"canonical\" href=\"https:\/\/www.divine-id.com\/jvap-2026\/\" \/>\n<meta property=\"og:locale\" content=\"en_US\" \/>\n<meta property=\"og:type\" content=\"article\" \/>\n<meta property=\"og:title\" content=\"JVAP 2026 - Divine id agency\" \/>\n<meta property=\"og:url\" content=\"https:\/\/www.divine-id.com\/jvap-2026\/\" \/>\n<meta property=\"og:site_name\" content=\"Divine id agency\" \/>\n<meta property=\"article:modified_time\" content=\"2026-01-20T10:04:02+00:00\" \/>\n<meta property=\"og:image\" content=\"https:\/\/www.divine-id.com\/wp-content\/uploads\/2025\/10\/espace_saint_martin_paris.jpg\" \/>\n<meta name=\"twitter:card\" content=\"summary_large_image\" \/>\n<script type=\"application\/ld+json\" class=\"yoast-schema-graph\">{\"@context\":\"https:\/\/schema.org\",\"@graph\":[{\"@type\":\"WebPage\",\"@id\":\"https:\/\/www.divine-id.com\/jvap-2026\/\",\"url\":\"https:\/\/www.divine-id.com\/jvap-2026\/\",\"name\":\"JVAP 2026 | 6 f\u00e9vrier 2026 | Espace Saint Martin, Paris\",\"isPartOf\":{\"@id\":\"https:\/\/www.divine-id.com\/#website\"},\"primaryImageOfPage\":{\"@id\":\"https:\/\/www.divine-id.com\/jvap-2026\/#primaryimage\"},\"image\":{\"@id\":\"https:\/\/www.divine-id.com\/jvap-2026\/#primaryimage\"},\"thumbnailUrl\":\"https:\/\/www.divine-id.com\/wp-content\/uploads\/2025\/10\/espace_saint_martin_paris.jpg\",\"datePublished\":\"2025-10-13T12:08:10+00:00\",\"dateModified\":\"2026-01-20T10:04:02+00:00\",\"description\":\"Rendez-vous en 2026 pour la quatri\u00e8me \u00e9dition de la Journ\u00e9e Vasculaire de l\u2019AP-HP. Nous sommes ravis de vous inviter \u00e0 la prochaine Journ\u00e9e Vasculaire de l\u2019AP-HP qui aura lieu le 6 f\u00e9vrier 2026 \u00e0 l'Espace Saint Martin, \u00e0 Paris.\",\"breadcrumb\":{\"@id\":\"https:\/\/www.divine-id.com\/jvap-2026\/#breadcrumb\"},\"inLanguage\":\"en-US\",\"potentialAction\":[{\"@type\":\"ReadAction\",\"target\":[\"https:\/\/www.divine-id.com\/jvap-2026\/\"]}]},{\"@type\":\"ImageObject\",\"inLanguage\":\"en-US\",\"@id\":\"https:\/\/www.divine-id.com\/jvap-2026\/#primaryimage\",\"url\":\"https:\/\/www.divine-id.com\/wp-content\/uploads\/2025\/10\/espace_saint_martin_paris.jpg\",\"contentUrl\":\"https:\/\/www.divine-id.com\/wp-content\/uploads\/2025\/10\/espace_saint_martin_paris.jpg\"},{\"@type\":\"BreadcrumbList\",\"@id\":\"https:\/\/www.divine-id.com\/jvap-2026\/#breadcrumb\",\"itemListElement\":[{\"@type\":\"ListItem\",\"position\":1,\"name\":\"Accueil\",\"item\":\"https:\/\/www.divine-id.com\/\"},{\"@type\":\"ListItem\",\"position\":2,\"name\":\"JVAP 2026\"}]},{\"@type\":\"WebSite\",\"@id\":\"https:\/\/www.divine-id.com\/#website\",\"url\":\"https:\/\/www.divine-id.com\/\",\"name\":\"Divine id agency\",\"description\":\" Event agency &amp; professional congress organizer\",\"potentialAction\":[{\"@type\":\"SearchAction\",\"target\":{\"@type\":\"EntryPoint\",\"urlTemplate\":\"https:\/\/www.divine-id.com\/?s={search_term_string}\"},\"query-input\":{\"@type\":\"PropertyValueSpecification\",\"valueRequired\":true,\"valueName\":\"search_term_string\"}}],\"inLanguage\":\"en-US\"}]}<\/script>\n<!-- \/ Yoast SEO plugin. -->","yoast_head_json":{"title":"JVAP 2026 | 6 f\u00e9vrier 2026 | Espace Saint Martin, Paris","robots":{"index":"index","follow":"follow","max-snippet":"max-snippet:-1","max-image-preview":"max-image-preview:large","max-video-preview":"max-video-preview:-1"},"canonical":"https:\/\/www.divine-id.com\/jvap-2026\/","og_locale":"en_US","og_type":"article","og_title":"JVAP 2026 - Divine id agency","og_url":"https:\/\/www.divine-id.com\/jvap-2026\/","og_site_name":"Divine id agency","article_modified_time":"2026-01-20T10:04:02+00:00","og_image":[{"url":"https:\/\/www.divine-id.com\/wp-content\/uploads\/2025\/10\/espace_saint_martin_paris.jpg","type":"","width":"","height":""}],"twitter_card":"summary_large_image","schema":{"@context":"https:\/\/schema.org","@graph":[{"@type":"WebPage","@id":"https:\/\/www.divine-id.com\/jvap-2026\/","url":"https:\/\/www.divine-id.com\/jvap-2026\/","name":"JVAP 2026 | 6 f\u00e9vrier 2026 | Espace Saint Martin, Paris","isPartOf":{"@id":"https:\/\/www.divine-id.com\/#website"},"primaryImageOfPage":{"@id":"https:\/\/www.divine-id.com\/jvap-2026\/#primaryimage"},"image":{"@id":"https:\/\/www.divine-id.com\/jvap-2026\/#primaryimage"},"thumbnailUrl":"https:\/\/www.divine-id.com\/wp-content\/uploads\/2025\/10\/espace_saint_martin_paris.jpg","datePublished":"2025-10-13T12:08:10+00:00","dateModified":"2026-01-20T10:04:02+00:00","description":"Rendez-vous en 2026 pour la quatri\u00e8me \u00e9dition de la Journ\u00e9e Vasculaire de l\u2019AP-HP. Nous sommes ravis de vous inviter \u00e0 la prochaine Journ\u00e9e Vasculaire de l\u2019AP-HP qui aura lieu le 6 f\u00e9vrier 2026 \u00e0 l'Espace Saint Martin, \u00e0 Paris.","breadcrumb":{"@id":"https:\/\/www.divine-id.com\/jvap-2026\/#breadcrumb"},"inLanguage":"en-US","potentialAction":[{"@type":"ReadAction","target":["https:\/\/www.divine-id.com\/jvap-2026\/"]}]},{"@type":"ImageObject","inLanguage":"en-US","@id":"https:\/\/www.divine-id.com\/jvap-2026\/#primaryimage","url":"https:\/\/www.divine-id.com\/wp-content\/uploads\/2025\/10\/espace_saint_martin_paris.jpg","contentUrl":"https:\/\/www.divine-id.com\/wp-content\/uploads\/2025\/10\/espace_saint_martin_paris.jpg"},{"@type":"BreadcrumbList","@id":"https:\/\/www.divine-id.com\/jvap-2026\/#breadcrumb","itemListElement":[{"@type":"ListItem","position":1,"name":"Accueil","item":"https:\/\/www.divine-id.com\/"},{"@type":"ListItem","position":2,"name":"JVAP 2026"}]},{"@type":"WebSite","@id":"https:\/\/www.divine-id.com\/#website","url":"https:\/\/www.divine-id.com\/","name":"Divine id agency","description":" Event agency &amp; professional congress organizer","potentialAction":[{"@type":"SearchAction","target":{"@type":"EntryPoint","urlTemplate":"https:\/\/www.divine-id.com\/?s={search_term_string}"},"query-input":{"@type":"PropertyValueSpecification","valueRequired":true,"valueName":"search_term_string"}}],"inLanguage":"en-US"}]}},"amp_enabled":true,"post_mailing_queue_ids":[],"_links":{"self":[{"href":"https:\/\/www.divine-id.com\/en\/wp-json\/wp\/v2\/pages\/35215","targetHints":{"allow":["GET"]}}],"collection":[{"href":"https:\/\/www.divine-id.com\/en\/wp-json\/wp\/v2\/pages"}],"about":[{"href":"https:\/\/www.divine-id.com\/en\/wp-json\/wp\/v2\/types\/page"}],"author":[{"embeddable":true,"href":"https:\/\/www.divine-id.com\/en\/wp-json\/wp\/v2\/users\/1"}],"replies":[{"embeddable":true,"href":"https:\/\/www.divine-id.com\/en\/wp-json\/wp\/v2\/comments?post=35215"}],"version-history":[{"count":25,"href":"https:\/\/www.divine-id.com\/en\/wp-json\/wp\/v2\/pages\/35215\/revisions"}],"predecessor-version":[{"id":35362,"href":"https:\/\/www.divine-id.com\/en\/wp-json\/wp\/v2\/pages\/35215\/revisions\/35362"}],"wp:attachment":[{"href":"https:\/\/www.divine-id.com\/en\/wp-json\/wp\/v2\/media?parent=35215"}],"curies":[{"name":"wp","href":"https:\/\/api.w.org\/{rel}","templated":true}]}}