{"id":32309,"date":"2025-02-26T20:23:59","date_gmt":"2025-02-26T19:23:59","guid":{"rendered":"https:\/\/www.divine-id.com\/?page_id=32309"},"modified":"2026-01-09T15:31:35","modified_gmt":"2026-01-09T14:31:35","slug":"accreditations-certifications","status":"publish","type":"page","link":"https:\/\/www.divine-id.com\/en\/accreditations-certifications\/","title":{"rendered":"MEMBERSHIPS &#038; ACCREDITATIONS"},"content":{"rendered":"<div class=\"wpb-content-wrapper\"><p>[vc_row full_width=&#8221;stretch_row&#8221; background_position_desktop=&#8221;center center&#8221; thegem_background_overlay=&#8221;true&#8221; css=&#8221;.vc_custom_1743424088107{margin-bottom: 0px !important;background-image: url(https:\/\/www.divine-id.com\/wp-content\/uploads\/2025\/03\/divineid-accreditations-certifications.jpg?id=34028) !important;background-position: center !important;background-repeat: no-repeat !important;background-size: cover !important;}&#8221; mobile_padding_top=&#8221;200&#8243; mobile_padding_bottom=&#8221;200&#8243; thegem_background_overlay_color=&#8221;#00000061&#8243;][vc_column]<div id=\"fullwidth-block-69f08a825a940\" class=\"fullwidth-block clearfix\"  style=\"padding-top: 75px;padding-bottom: 75px;padding-left: 65px;\"><script type=\"text\/javascript\">if (typeof(gem_fix_fullwidth_position) == \"function\") { gem_fix_fullwidth_position(document.getElementById(\"fullwidth-block-69f08a825a940\")); }<\/script><div class=\"fullwidth-block-inner\">[vc_column_text css=&#8221;&#8221;]<\/p>\n<h1 class=\"title-xlarge\"><span style=\"color: #ffffff;\">MEMBERSHIPS<br \/>\n&amp; ACCREDITATIONS<\/span><span style=\"color: #c19d4d;\">.<\/span><\/h1>\n<p>[\/vc_column_text]<\/div><\/div>[\/vc_column][\/vc_row][vc_row full_width=&#8221;stretch_row_content&#8221;][vc_column css=&#8221;.vc_custom_1553715012067{padding-top: 70px !important;}&#8221;]<div class=\"clearboth\"><\/div><div id=\"thegem-divider-69f08a825a9ad\" class=\"gem-divider  \" style=\"\" ><\/div>[\/vc_column][\/vc_row][vc_row css=&#8221;.vc_custom_1740509141672{margin-bottom: 0px !important;}&#8221;][vc_column width=&#8221;1\/3&#8243;][vc_column_text css=&#8221;.vc_custom_1743435687945{margin-bottom: 0px !important;padding-bottom: 20px !important;}&#8221; css_animation=&#8221;bottom-to-top&#8221;]<\/p>\n<div class=\"title-h2\">MEMBERSHIPS<br \/>\n&amp; ACCREDITATIONS<span style=\"color: #c19d4d; font-size: 52px;\">.<\/span><\/div>\n<p>[\/vc_column_text]<div class=\"clearboth\"><\/div><style>#thegem-divider-69f08a825a9e3 {margin-top: 80px !important;}<\/style><div id=\"thegem-divider-69f08a825a9e3\" class=\"gem-divider  divider-hidden\" style=\"\" ><\/div>[\/vc_column][vc_column width=&#8221;2\/3&#8243;][vc_column_text css=&#8221;&#8221; css_animation=&#8221;bottom-to-top&#8221;]The agency is a member of the Aix-Marseille-Provence Metropolitan Convention Bureau, registered with Atout France, a member of the APST and the ICCA, and was accredited as a \u2018Trusted Partner\u2019 by Ethical Medtech in 2017. We&#8217;re ready to support you and your ambitious projects![\/vc_column_text]<div class=\"clearboth\"><\/div><style>#thegem-divider-69f08a825aa11 {margin-top: 20px !important;}<\/style><div id=\"thegem-divider-69f08a825aa11\" class=\"gem-divider  \" style=\"\" ><\/div><div class=\"gem-button-container gem-button-position-left thegem-button-69f08a825aac22722    \"  ><a title=\"FAQ\" class=\"gem-button gem-button-size-small gem-button-style-flat gem-button-text-weight-normal\" data-ll-effect=\"drop-right-without-wrap\" style=\"border-radius: 4px;\" onmouseleave=\"\" onmouseenter=\"\" href=\"https:\/\/www.divine-id.com\/faq\/\" target=\"_self\">Learn more<\/a><\/div> [\/vc_column][\/vc_row][vc_row full_width=&#8221;stretch_row_content&#8221;][vc_column css=&#8221;.vc_custom_1553715012067{padding-top: 70px !important;}&#8221;]<div class=\"clearboth\"><\/div><div id=\"thegem-divider-69f08a825aaff\" class=\"gem-divider  \" style=\"\" ><\/div>[\/vc_column][\/vc_row][vc_row][vc_column width=&#8221;1\/3&#8243;][vc_single_image image=&#8221;32335&#8243; img_size=&#8221;&#8221; css=&#8221;&#8221; css_animation=&#8221;fadeInLeft&#8221;][\/vc_column][vc_column width=&#8221;2\/3&#8243; css=&#8221;.vc_custom_1542111306728{margin-top: -7px !important;}&#8221;][vc_column_text css=&#8221;&#8221; css_animation=&#8221;bottom-to-top&#8221;]<\/p>\n<div class=\"title-h3\">Aix-Marseille Provence Convention Bureau<\/div>\n<p>[\/vc_column_text]<div class=\"clearboth\"><\/div><style>#thegem-divider-69f08a825ab2c {margin-top: 43px !important;}<\/style><div id=\"thegem-divider-69f08a825ab2c\" class=\"gem-divider  \" style=\"\" ><\/div>[vc_column_text css=&#8221;&#8221; css_animation=&#8221;fadeIn&#8221;]Marseille is our city at heart, and as a partner we promote our region internationally.<\/p>\n<p><a href=\"https:\/\/www.marseille-tourisme.com\/congres\/\" target=\"_blank\" rel=\"noopener\">More information<\/a>[\/vc_column_text]<div class=\"clearboth\"><\/div><style>#thegem-divider-69f08a825ab56 {margin-top: 39px !important;}<\/style><div id=\"thegem-divider-69f08a825ab56\" class=\"gem-divider  \" style=\"\" ><\/div>[\/vc_column][\/vc_row][vc_row][vc_column width=&#8221;1\/3&#8243;][vc_single_image image=&#8221;32336&#8243; img_size=&#8221;&#8221; css=&#8221;&#8221; css_animation=&#8221;fadeInLeft&#8221;][\/vc_column][vc_column width=&#8221;2\/3&#8243; css=&#8221;.vc_custom_1542111306728{margin-top: -7px !important;}&#8221;][vc_column_text css=&#8221;&#8221; css_animation=&#8221;bottom-to-top&#8221;]<\/p>\n<div class=\"title-h3\">ATOUT FRANCE<\/div>\n<p>[\/vc_column_text]<div class=\"clearboth\"><\/div><style>#thegem-divider-69f08a825abbc {margin-top: 43px !important;}<\/style><div id=\"thegem-divider-69f08a825abbc\" class=\"gem-divider  \" style=\"\" ><\/div>[vc_column_text css=&#8221;&#8221; css_animation=&#8221;fadeIn&#8221;]We are registered as a travel and tourism operator with Atout France &#8211; France&#8217;s tourism development agency.<\/p>\n<p><a href=\"https:\/\/www.atout-france.fr\/\" target=\"_blank\" rel=\"noopener\">More information<\/a>[\/vc_column_text]<div class=\"clearboth\"><\/div><style>#thegem-divider-69f08a825abde {margin-top: 39px !important;}<\/style><div id=\"thegem-divider-69f08a825abde\" class=\"gem-divider  \" style=\"\" ><\/div>[\/vc_column][\/vc_row][vc_row][vc_column width=&#8221;1\/3&#8243;][vc_single_image image=&#8221;32334&#8243; img_size=&#8221;&#8221; css=&#8221;&#8221; css_animation=&#8221;fadeInLeft&#8221;][\/vc_column][vc_column width=&#8221;2\/3&#8243; css=&#8221;.vc_custom_1542111306728{margin-top: -7px !important;}&#8221;][vc_column_text css=&#8221;&#8221; css_animation=&#8221;bottom-to-top&#8221;]<\/p>\n<div class=\"title-h3\">ICCA<\/div>\n<p>[\/vc_column_text]<div class=\"clearboth\"><\/div><style>#thegem-divider-69f08a825ac1c {margin-top: 43px !important;}<\/style><div id=\"thegem-divider-69f08a825ac1c\" class=\"gem-divider  \" style=\"\" ><\/div>[vc_column_text css=&#8221;&#8221; css_animation=&#8221;fadeIn&#8221;]We are a member of the International Congress and Convention Association since 2013.<\/p>\n<p><a href=\"https:\/\/www.iccaworld.org\/\" target=\"_blank\" rel=\"noopener\">More information<\/a>[\/vc_column_text]<div class=\"clearboth\"><\/div><style>#thegem-divider-69f08a825ac44 {margin-top: 39px !important;}<\/style><div id=\"thegem-divider-69f08a825ac44\" class=\"gem-divider  \" style=\"\" ><\/div>[\/vc_column][\/vc_row][vc_row][vc_column width=&#8221;1\/3&#8243;][vc_single_image image=&#8221;32892&#8243; img_size=&#8221;&#8221; css=&#8221;&#8221; css_animation=&#8221;fadeInLeft&#8221;][\/vc_column][vc_column width=&#8221;2\/3&#8243; css=&#8221;.vc_custom_1542111306728{margin-top: -7px !important;}&#8221;][vc_column_text css=&#8221;&#8221; css_animation=&#8221;bottom-to-top&#8221;]<\/p>\n<div class=\"title-h3\">MEDTECH<\/div>\n<p>[\/vc_column_text]<div class=\"clearboth\"><\/div><style>#thegem-divider-69f08a825ac6a {margin-top: 43px !important;}<\/style><div id=\"thegem-divider-69f08a825ac6a\" class=\"gem-divider  \" style=\"\" ><\/div>[vc_column_text css=&#8221;&#8221; css_animation=&#8221;fadeIn&#8221;]The MedTech Europe Code of Professional Ethics governs all aspects of the industry&#8217;s relations with healthcare professionals and organisations, particularly in the context of congresses and events organised by the profession.<\/p>\n<p><a href=\"https:\/\/www.divine-id.com\/reglementations-medtech\/\" target=\"_blank\" rel=\"noopener\">More information<\/a>[\/vc_column_text]<div class=\"clearboth\"><\/div><style>#thegem-divider-69f08a825ac90 {margin-top: 39px !important;}<\/style><div id=\"thegem-divider-69f08a825ac90\" class=\"gem-divider  \" style=\"\" ><\/div>[\/vc_column][\/vc_row][vc_row][vc_column width=&#8221;1\/3&#8243;][vc_single_image image=&#8221;32337&#8243; img_size=&#8221;&#8221; css=&#8221;&#8221; css_animation=&#8221;fadeInLeft&#8221;][\/vc_column][vc_column width=&#8221;2\/3&#8243; css=&#8221;.vc_custom_1542111306728{margin-top: -7px !important;}&#8221;][vc_column_text css=&#8221;&#8221; css_animation=&#8221;bottom-to-top&#8221;]<\/p>\n<div class=\"title-h3\">QUALIOPI<\/div>\n<p>[\/vc_column_text]<div class=\"clearboth\"><\/div><style>#thegem-divider-69f08a825acb6 {margin-top: 43px !important;}<\/style><div id=\"thegem-divider-69f08a825acb6\" class=\"gem-divider  \" style=\"\" ><\/div>[vc_column_text css=&#8221;&#8221; css_animation=&#8221;fadeIn&#8221;]Qualiopi is a French certification unveiled by the French Ministry of Labour in November 2019. It is a new quality certification mark for training action providers.<br \/>\nQUALIOPI aims to create a quality approach for those involved in vocational training.<\/p>\n<p><a href=\"https:\/\/www.divine-id.com\/qualiopi\/\" target=\"_blank\" rel=\"noopener\">More information<\/a>[\/vc_column_text]<div class=\"clearboth\"><\/div><style>#thegem-divider-69f08a825acdc {margin-top: 39px !important;}<\/style><div id=\"thegem-divider-69f08a825acdc\" class=\"gem-divider  \" style=\"\" ><\/div>[\/vc_column][\/vc_row][vc_row][vc_column width=&#8221;1\/3&#8243;][vc_single_image image=&#8221;32738&#8243; img_size=&#8221;&#8221; css=&#8221;&#8221; css_animation=&#8221;fadeInLeft&#8221;][\/vc_column][vc_column width=&#8221;2\/3&#8243; css=&#8221;.vc_custom_1542111306728{margin-top: -7px !important;}&#8221;][vc_column_text css=&#8221;&#8221; css_animation=&#8221;bottom-to-top&#8221;]<\/p>\n<div class=\"title-h3\">APST<\/div>\n<p>[\/vc_column_text]<div class=\"clearboth\"><\/div><style>#thegem-divider-69f08a825ad02 {margin-top: 43px !important;}<\/style><div id=\"thegem-divider-69f08a825ad02\" class=\"gem-divider  \" style=\"\" ><\/div>[vc_column_text css=&#8221;&#8221; css_animation=&#8221;fadeIn&#8221;]We are a member of the Association Professionnelle de Solidarit\u00e9 du Tourisme. Find out more about APST<\/p>\n<p><a href=\"https:\/\/www.apst.travel\/\" target=\"_blank\" rel=\"noopener\">More information<\/a>[\/vc_column_text]<div class=\"clearboth\"><\/div><style>#thegem-divider-69f08a825ad27 {margin-top: 39px !important;}<\/style><div id=\"thegem-divider-69f08a825ad27\" class=\"gem-divider  \" style=\"\" ><\/div>[\/vc_column][\/vc_row][vc_row full_width=&#8221;stretch_row_content&#8221;][vc_column css=&#8221;.vc_custom_1553715012067{padding-top: 70px !important;}&#8221;]<div class=\"clearboth\"><\/div><div id=\"thegem-divider-69f08a825ad4c\" class=\"gem-divider  \" style=\"\" ><\/div>[\/vc_column][\/vc_row][vc_row][vc_column][vc_row_inner][vc_column_inner css=&#8221;.vc_custom_1742231116671{background-color: #C19D4D !important;}&#8221;][vc_column_text css=&#8221;.vc_custom_1743435921614{margin-bottom: 0px !important;padding-bottom: 20px !important;}&#8221; css_animation=&#8221;bottom-to-top&#8221;]<\/p>\n<div class=\"title-h2\" style=\"text-align: center; color: #ffffff;\">A NEED, A PROJECT, A QUESTION<span style=\"color: #000000; font-size: 52px;\">.<\/span><\/div>\n<p>[\/vc_column_text][vc_column_text css=&#8221;&#8221; css_animation=&#8221;bottom-to-top&#8221;]<\/p>\n<p style=\"text-align: center;\">We love bringing ideas to life.<br \/>\nTell us what you have in mind\u2014we\u2019ll take care of the rest.<\/p>\n<p>[\/vc_column_text]<style type=\"text\/css\">.thegem-button-69f08a825adcf6597 .gem-button svg {fill: #000000;}.thegem-button-69f08a825adcf6597 .gem-button:hover svg {fill: #000000;}<\/style><div class=\"gem-button-container gem-button-position-center thegem-button-69f08a825adcf6597    \"  ><a title=\"Contact\" class=\"gem-button gem-button-size-small gem-button-style-flat gem-button-text-weight-normal\" data-ll-effect=\"drop-right-without-wrap\" style=\"border-radius: 4px;background-color: #FFFFFF;color: #000000;\" onmouseleave=\"this.style.backgroundColor='#FFFFFF';this.style.color='#000000';\" onmouseenter=\"this.style.backgroundColor='#FFFFFF';this.style.color='#000000';\" href=\"https:\/\/www.divine-id.com\/contact\/\" target=\"_self\">Contactez-nous<\/a><\/div> [\/vc_column_inner][\/vc_row_inner][\/vc_column][\/vc_row][vc_row full_width=&#8221;stretch_row&#8221; content_placement=&#8221;bottom&#8221; css=&#8221;.vc_custom_1601147957056{margin-top: -83px !important;margin-bottom: 0px !important;}&#8221; el_class=&#8221;resp-gallery-fourth-row-remove-top-margin&#8221;][vc_column css=&#8221;.vc_custom_1600103646901{padding-top: 0px !important;}&#8221;]<div class=\"clearboth\"><\/div><style>#thegem-divider-69f08a825ae0e {margin-top: 110px !important;}<\/style><div id=\"thegem-divider-69f08a825ae0e\" class=\"gem-divider  \" style=\"\" ><\/div>[\/vc_column][\/vc_row]<\/p>\n<\/div>","protected":false},"excerpt":{"rendered":"<p>[vc_row full_width=&#8221;stretch_row&#8221; background_position_desktop=&#8221;center center&#8221; thegem_background_overlay=&#8221;true&#8221; css=&#8221;.vc_custom_1743424088107{margin-bottom: 0px !important;background-image: url(https:\/\/www.divine-id.com\/wp-content\/uploads\/2025\/03\/divineid-accreditations-certifications.jpg?id=34028) !important;background-position: center !important;background-repeat: no-repeat !important;background-size: cover !important;}&#8221; mobile_padding_top=&#8221;200&#8243; mobile_padding_bottom=&#8221;200&#8243; thegem_background_overlay_color=&#8221;#00000061&#8243;][vc_column][\/vc_column][\/vc_row][vc_row full_width=&#8221;stretch_row_content&#8221;][vc_column css=&#8221;.vc_custom_1553715012067{padding-top: 70px !important;}&#8221;][\/vc_column][\/vc_row][vc_row css=&#8221;.vc_custom_1740509141672{margin-bottom: 0px !important;}&#8221;][vc_column width=&#8221;1\/3&#8243;][vc_column_text css=&#8221;.vc_custom_1743435687945{margin-bottom: 0px !important;padding-bottom:&#8230;<\/p>\n","protected":false},"author":1,"featured_media":0,"parent":0,"menu_order":0,"comment_status":"closed","ping_status":"closed","template":"","meta":{"footnotes":""},"class_list":["post-32309","page","type-page","status-publish"],"translation":{"provider":"WPGlobus","version":"3.0.2","language":"en","enabled_languages":["fr","en"],"languages":{"fr":{"title":true,"content":true,"excerpt":false},"en":{"title":true,"content":true,"excerpt":false}}},"yoast_head":"<!-- This site is optimized with the Yoast SEO plugin v27.1.1 - https:\/\/yoast.com\/product\/yoast-seo-wordpress\/ -->\n<title>Accr\u00e9ditations &amp; certifications PCO | Agence divine id<\/title>\n<meta name=\"robots\" content=\"index, follow, max-snippet:-1, max-image-preview:large, max-video-preview:-1\" \/>\n<link rel=\"canonical\" href=\"https:\/\/www.divine-id.com\/accreditations-certifications\/\" \/>\n<meta property=\"og:locale\" content=\"en_US\" \/>\n<meta property=\"og:type\" content=\"article\" \/>\n<meta property=\"og:title\" content=\"MEMBERSHIPS &amp; ACCREDITATIONS - Divine id agency\" \/>\n<meta property=\"og:url\" content=\"https:\/\/www.divine-id.com\/accreditations-certifications\/\" \/>\n<meta property=\"og:site_name\" content=\"Divine id agency\" \/>\n<meta property=\"article:modified_time\" content=\"2026-01-09T14:31:35+00:00\" \/>\n<meta name=\"twitter:card\" content=\"summary_large_image\" \/>\n<script type=\"application\/ld+json\" class=\"yoast-schema-graph\">{\"@context\":\"https:\/\/schema.org\",\"@graph\":[{\"@type\":\"WebPage\",\"@id\":\"https:\/\/www.divine-id.com\/accreditations-certifications\/\",\"url\":\"https:\/\/www.divine-id.com\/accreditations-certifications\/\",\"name\":\"Accr\u00e9ditations & certifications PCO | Agence divine id\",\"isPartOf\":{\"@id\":\"https:\/\/www.divine-id.com\/#website\"},\"datePublished\":\"2025-02-26T19:23:59+00:00\",\"dateModified\":\"2026-01-09T14:31:35+00:00\",\"description\":\"Adh\u00e9rent au Bureau M\u00e9tropolitain des Congr\u00e8s Aix-Marseille-Provence, l\u2019agence est immatricul\u00e9e Atout France, membre de l\u2019APST, de l\u2019ICCA, et accr\u00e9dit\u00e9e \u00ab Trusted Partner \u00bb par Ethical Medtech depuis 2017.\u200b\",\"breadcrumb\":{\"@id\":\"https:\/\/www.divine-id.com\/accreditations-certifications\/#breadcrumb\"},\"inLanguage\":\"en-US\",\"potentialAction\":[{\"@type\":\"ReadAction\",\"target\":[\"https:\/\/www.divine-id.com\/accreditations-certifications\/\"]}]},{\"@type\":\"BreadcrumbList\",\"@id\":\"https:\/\/www.divine-id.com\/accreditations-certifications\/#breadcrumb\",\"itemListElement\":[{\"@type\":\"ListItem\",\"position\":1,\"name\":\"Accueil\",\"item\":\"https:\/\/www.divine-id.com\/\"},{\"@type\":\"ListItem\",\"position\":2,\"name\":\"Accr\u00e9ditations &#038; Certifications\"}]},{\"@type\":\"WebSite\",\"@id\":\"https:\/\/www.divine-id.com\/#website\",\"url\":\"https:\/\/www.divine-id.com\/\",\"name\":\"Divine id agency\",\"description\":\" Event agency &amp; professional congress organizer\",\"potentialAction\":[{\"@type\":\"SearchAction\",\"target\":{\"@type\":\"EntryPoint\",\"urlTemplate\":\"https:\/\/www.divine-id.com\/?s={search_term_string}\"},\"query-input\":{\"@type\":\"PropertyValueSpecification\",\"valueRequired\":true,\"valueName\":\"search_term_string\"}}],\"inLanguage\":\"en-US\"}]}<\/script>\n<!-- \/ Yoast SEO plugin. -->","yoast_head_json":{"title":"Accr\u00e9ditations & certifications PCO | Agence divine id","robots":{"index":"index","follow":"follow","max-snippet":"max-snippet:-1","max-image-preview":"max-image-preview:large","max-video-preview":"max-video-preview:-1"},"canonical":"https:\/\/www.divine-id.com\/accreditations-certifications\/","og_locale":"en_US","og_type":"article","og_title":"MEMBERSHIPS & ACCREDITATIONS - Divine id agency","og_url":"https:\/\/www.divine-id.com\/accreditations-certifications\/","og_site_name":"Divine id agency","article_modified_time":"2026-01-09T14:31:35+00:00","twitter_card":"summary_large_image","schema":{"@context":"https:\/\/schema.org","@graph":[{"@type":"WebPage","@id":"https:\/\/www.divine-id.com\/accreditations-certifications\/","url":"https:\/\/www.divine-id.com\/accreditations-certifications\/","name":"Accr\u00e9ditations & certifications PCO | Agence divine id","isPartOf":{"@id":"https:\/\/www.divine-id.com\/#website"},"datePublished":"2025-02-26T19:23:59+00:00","dateModified":"2026-01-09T14:31:35+00:00","description":"Adh\u00e9rent au Bureau M\u00e9tropolitain des Congr\u00e8s Aix-Marseille-Provence, l\u2019agence est immatricul\u00e9e Atout France, membre de l\u2019APST, de l\u2019ICCA, et accr\u00e9dit\u00e9e \u00ab Trusted Partner \u00bb par Ethical Medtech depuis 2017.\u200b","breadcrumb":{"@id":"https:\/\/www.divine-id.com\/accreditations-certifications\/#breadcrumb"},"inLanguage":"en-US","potentialAction":[{"@type":"ReadAction","target":["https:\/\/www.divine-id.com\/accreditations-certifications\/"]}]},{"@type":"BreadcrumbList","@id":"https:\/\/www.divine-id.com\/accreditations-certifications\/#breadcrumb","itemListElement":[{"@type":"ListItem","position":1,"name":"Accueil","item":"https:\/\/www.divine-id.com\/"},{"@type":"ListItem","position":2,"name":"Accr\u00e9ditations &#038; Certifications"}]},{"@type":"WebSite","@id":"https:\/\/www.divine-id.com\/#website","url":"https:\/\/www.divine-id.com\/","name":"Divine id agency","description":" Event agency &amp; professional congress organizer","potentialAction":[{"@type":"SearchAction","target":{"@type":"EntryPoint","urlTemplate":"https:\/\/www.divine-id.com\/?s={search_term_string}"},"query-input":{"@type":"PropertyValueSpecification","valueRequired":true,"valueName":"search_term_string"}}],"inLanguage":"en-US"}]}},"amp_enabled":true,"post_mailing_queue_ids":[],"_links":{"self":[{"href":"https:\/\/www.divine-id.com\/en\/wp-json\/wp\/v2\/pages\/32309","targetHints":{"allow":["GET"]}}],"collection":[{"href":"https:\/\/www.divine-id.com\/en\/wp-json\/wp\/v2\/pages"}],"about":[{"href":"https:\/\/www.divine-id.com\/en\/wp-json\/wp\/v2\/types\/page"}],"author":[{"embeddable":true,"href":"https:\/\/www.divine-id.com\/en\/wp-json\/wp\/v2\/users\/1"}],"replies":[{"embeddable":true,"href":"https:\/\/www.divine-id.com\/en\/wp-json\/wp\/v2\/comments?post=32309"}],"version-history":[{"count":31,"href":"https:\/\/www.divine-id.com\/en\/wp-json\/wp\/v2\/pages\/32309\/revisions"}],"predecessor-version":[{"id":32312,"href":"https:\/\/www.divine-id.com\/en\/wp-json\/wp\/v2\/pages\/32309\/revisions\/32312"}],"wp:attachment":[{"href":"https:\/\/www.divine-id.com\/en\/wp-json\/wp\/v2\/media?parent=32309"}],"curies":[{"name":"wp","href":"https:\/\/api.w.org\/{rel}","templated":true}]}}