{"id":32075,"date":"2025-02-26T11:42:43","date_gmt":"2025-02-26T10:42:43","guid":{"rendered":"https:\/\/www.divine-id.com\/?page_id=32075"},"modified":"2026-04-14T10:52:17","modified_gmt":"2026-04-14T08:52:17","slug":"recrutement","status":"publish","type":"page","link":"https:\/\/www.divine-id.com\/en\/recrutement\/","title":{"rendered":"CARREERS"},"content":{"rendered":"<div class=\"wpb-content-wrapper\"><p>[vc_row full_width=&#8221;stretch_row&#8221; background_position_desktop=&#8221;center center&#8221; thegem_background_overlay=&#8221;true&#8221; css=&#8221;.vc_custom_1743337023479{margin-bottom: 0px !important;background-image: url(https:\/\/www.divine-id.com\/wp-content\/uploads\/2025\/03\/recrutement-agence-congres-marseille.jpg?id=33878) !important;background-position: center !important;background-repeat: no-repeat !important;background-size: cover !important;}&#8221; mobile_padding_top=&#8221;200&#8243; mobile_padding_bottom=&#8221;200&#8243; thegem_background_overlay_color=&#8221;#00000061&#8243;][vc_column]<div id=\"fullwidth-block-6a0832cb387fc\" class=\"fullwidth-block clearfix\"  style=\"padding-top: 75px;padding-bottom: 75px;padding-left: 65px;\"><script type=\"text\/javascript\">if (typeof(gem_fix_fullwidth_position) == \"function\") { gem_fix_fullwidth_position(document.getElementById(\"fullwidth-block-6a0832cb387fc\")); }<\/script><div class=\"fullwidth-block-inner\">[vc_column_text css=&#8221;&#8221;]<\/p>\n<h1 class=\"title-xlarge\"><span style=\"color: #ffffff;\">CARREERS<\/span><span style=\"color: #c19d4d;\">.<\/span><\/h1>\n<p>[\/vc_column_text]<\/div><\/div>[\/vc_column][\/vc_row][vc_row equal_height=&#8221;yes&#8221; mobile_padding_left=&#8221;21&#8243; mobile_padding_right=&#8221;21&#8243;][vc_column width=&#8221;7\/12&#8243; css=&#8221;.vc_custom_1740569406706{padding-top: 100px !important;padding-left: 110px !important;}&#8221; tablet_padding_top=&#8221;50&#8243; tablet_padding_bottom=&#8221;0&#8243; tablet_padding_left=&#8221;30&#8243; tablet_padding_right=&#8221;21&#8243; mobile_padding_left=&#8221;0&#8243; mobile_padding_right=&#8221;0&#8243;][vc_column_text css=&#8221;.vc_custom_1743435111168{margin-bottom: 0px !important;padding-bottom: 20px !important;}&#8221; css_animation=&#8221;bottom-to-top&#8221;]<\/p>\n<div class=\"title-h2\">JOIN THE divine id<br \/>\nTEAM<span style=\"color: #c19d4d; font-size: 52px;\">.<\/span><\/div>\n<p>[\/vc_column_text][vc_column_text css=&#8221;&#8221; css_animation=&#8221;bottom-to-top&#8221;]We are a dynamic, human-scale and caring agency specializing in medical congresses and professional events. We are always on the lookout for passionate talents to enhance our team.[\/vc_column_text]<div class=\"clearboth\"><\/div><style>#thegem-divider-6a0832cb38885 {margin-top: 20px !important;}<\/style><div id=\"thegem-divider-6a0832cb38885\" class=\"gem-divider  \" style=\"\" ><\/div><div class=\"gem-button-container gem-button-position-left thegem-button-6a0832cb389275980    \"  ><a class=\"gem-button gem-button-size-small gem-button-style-flat gem-button-text-weight-normal\" data-ll-effect=\"drop-right-without-wrap\" style=\"border-radius: 4px;\" onmouseleave=\"\" onmouseenter=\"\" href=\"#offres-demploi\" target=\"_self\">See our job offers<\/a><\/div> <div class=\"clearboth\"><\/div><style>#thegem-divider-6a0832cb38956 {margin-top: 20px !important;}<\/style><div id=\"thegem-divider-6a0832cb38956\" class=\"gem-divider  \" style=\"\" ><\/div>[vc_column_text css=&#8221;.vc_custom_1743435385679{padding-top: 20px !important;}&#8221; css_animation=&#8221;bottom-to-top&#8221;]<\/p>\n<div class=\"title-h2\">Spontaneous<br \/>\napplications<span style=\"color: #c19d4d; font-size: 52px;\">.<\/span><\/div>\n<p>[\/vc_column_text][vc_column_text css=&#8221;&#8221; css_animation=&#8221;bottom-to-top&#8221;]Send your CV and covering letter to the following address:[\/vc_column_text]<div class=\"clearboth\"><\/div><style>#thegem-divider-6a0832cb38977 {margin-top: 20px !important;}<\/style><div id=\"thegem-divider-6a0832cb38977\" class=\"gem-divider  \" style=\"\" ><\/div><div class=\"gem-button-container gem-button-position-left thegem-button-6a0832cb38a114666    \"  ><a class=\"gem-button gem-button-size-small gem-button-style-flat gem-button-text-weight-normal\" data-ll-effect=\"drop-right-without-wrap\" style=\"border-radius: 4px;\" onmouseleave=\"\" onmouseenter=\"\" href=\"mailto:recrutement@divine-id.com\" target=\"_self\">recrutement@divine-id.com<\/a><\/div> [\/vc_column][vc_column width=&#8221;5\/12&#8243; background_position_desktop=&#8221;left bottom&#8221; css_animation=&#8221;fadeInLeft&#8221; css=&#8221;.vc_custom_1743336472867{margin-top: -160px !important;padding-top: 90px !important;padding-right: 100px !important;padding-bottom: 130px !important;padding-left: 70px !important;background-color: #C19D4D !important;background-position: center !important;background-repeat: no-repeat !important;background-size: contain !important;}&#8221; tablet_padding_top=&#8221;60&#8243; tablet_padding_bottom=&#8221;30&#8243; tablet_padding_left=&#8221;30&#8243; tablet_padding_right=&#8221;30&#8243;][vc_column_text css=&#8221;.vc_custom_1743590765909{padding-bottom: 40px !important;}&#8221; css_animation=&#8221;bottom-to-top&#8221;]<\/p>\n<div class=\"title-h2\" style=\"color: #ffffff;\">OUR VALUES<br \/>\nOUR DRIVING FORCE<span style=\"color: #000000; font-size: 52px;\">.<\/span><\/div>\n<p>[\/vc_column_text]<style>.thegem-custom-6a0832cb38a602881 .gem-icon  {font-size: 125px;}.thegem-custom-6a0832cb38a602881 .gem-icon:not(.gem-simple-icon) .gem-icon-inner {width: 187.5px; height: 187.5px; line-height: 187.5px;}.thegem-custom-6a0832cb38a602881 .gem-icon.gem-simple-icon {width: 125px; height: 125px; line-height: 125px;}.gem-infotext.thegem-custom-6a0832cb38a602881 .gem-infotext-icon {margin-right:35px !important;}.gem-infotext.thegem-custom-6a0832cb38a602881 .title-customize {color:#FFFFFF !important;}.gem-infotext.thegem-custom-6a0832cb38a602881 .title-customize {margin-bottom:6px !important;}.gem-infotext.thegem-custom-6a0832cb38a602881 .subtitle-customize {color:#FFFFFF !important;}<\/style><div class=\"gem-infotext vc_custom_1743590776175 alignment-left thegem-custom-6a0832cb38a602881\" style=\"\"> <div class=\"gem-infotext-wrap position--left vertical--center\"> <div class=\"gem-infotext-icon\"> <div class=\"gem-icon gem-simple-icon gem-icon-use-image gem-icon-size-custom\"> <div class=\"gem-icon-inner\"><span class=\"gem-icon-half-1\"><span class=\"back-angle\"><img class=\"img-responsive\" src=\"https:\/\/www.divine-id.com\/wp-content\/uploads\/2025\/04\/picto-collaboration.png\" alt=\"\"><\/span><\/span><span class=\"gem-icon-half-2\"><span class=\"back-angle\"><img class=\"img-responsive\" src=\"https:\/\/www.divine-id.com\/wp-content\/uploads\/2025\/04\/picto-collaboration.png\" alt=\"\"><\/span><\/span><\/div> <\/div> <\/div> <div class=\"gem-infotext\"> <div class=\"gem-infotext__title\"> <div class=\"title-customize title-h4\" style=\"\"> Collaboration <\/div> <\/div> <div class=\"gem-infotext__subtitle\"> <div class=\"subtitle-customize text-body\" style=\"\"> Teamwork is more than a skill, it's a fundamental value. At divine id, every voice counts and every contribution is valuable. <\/div> <\/div> <\/div> <\/div> <\/div><style>.thegem-custom-6a0832cb38d313933 .gem-icon  {font-size: 125px;}.thegem-custom-6a0832cb38d313933 .gem-icon:not(.gem-simple-icon) .gem-icon-inner {width: 187.5px; height: 187.5px; line-height: 187.5px;}.thegem-custom-6a0832cb38d313933 .gem-icon.gem-simple-icon {width: 125px; height: 125px; line-height: 125px;}.gem-infotext.thegem-custom-6a0832cb38d313933 .gem-infotext-icon {margin-right:35px !important;}.gem-infotext.thegem-custom-6a0832cb38d313933 .title-customize {color:#FFFFFF !important;}.gem-infotext.thegem-custom-6a0832cb38d313933 .title-customize {margin-bottom:6px !important;}.gem-infotext.thegem-custom-6a0832cb38d313933 .subtitle-customize {color:#FFFFFF !important;}<\/style><div class=\"gem-infotext vc_custom_1743590753952 alignment-left thegem-custom-6a0832cb38d313933\" style=\"\"> <div class=\"gem-infotext-wrap position--left vertical--center\"> <div class=\"gem-infotext-icon\"> <div class=\"gem-icon gem-simple-icon gem-icon-use-image gem-icon-size-custom\"> <div class=\"gem-icon-inner\"><span class=\"gem-icon-half-1\"><span class=\"back-angle\"><img class=\"img-responsive\" src=\"https:\/\/www.divine-id.com\/wp-content\/uploads\/2025\/04\/picto-creativite.png\" alt=\"\"><\/span><\/span><span class=\"gem-icon-half-2\"><span class=\"back-angle\"><img class=\"img-responsive\" src=\"https:\/\/www.divine-id.com\/wp-content\/uploads\/2025\/04\/picto-creativite.png\" alt=\"\"><\/span><\/span><\/div> <\/div> <\/div> <div class=\"gem-infotext\"> <div class=\"gem-infotext__title\"> <div class=\"title-customize title-h4\" style=\"\"> Creativity <\/div> <\/div> <div class=\"gem-infotext__subtitle\"> <div class=\"subtitle-customize text-body\" style=\"\"> We offer an environment where innovation is encouraged. If you have bold ideas and a creative vision, you've come to the right place. <\/div> <\/div> <\/div> <\/div> <\/div><style>.thegem-custom-6a0832cb38f922276 .gem-icon  {font-size: 125px;}.thegem-custom-6a0832cb38f922276 .gem-icon:not(.gem-simple-icon) .gem-icon-inner {width: 187.5px; height: 187.5px; line-height: 187.5px;}.thegem-custom-6a0832cb38f922276 .gem-icon.gem-simple-icon {width: 125px; height: 125px; line-height: 125px;}.gem-infotext.thegem-custom-6a0832cb38f922276 .gem-infotext-icon {margin-right:35px !important;}.gem-infotext.thegem-custom-6a0832cb38f922276 .title-customize {color:#FFFFFF !important;}.gem-infotext.thegem-custom-6a0832cb38f922276 .title-customize {margin-bottom:6px !important;}.gem-infotext.thegem-custom-6a0832cb38f922276 .subtitle-customize {color:#FFFFFF !important;}<\/style><div class=\"gem-infotext alignment-left thegem-custom-6a0832cb38f922276\" style=\"\"> <div class=\"gem-infotext-wrap position--left vertical--center\"> <div class=\"gem-infotext-icon\"> <div class=\"gem-icon gem-simple-icon gem-icon-use-image gem-icon-size-custom\"> <div class=\"gem-icon-inner\"><span class=\"gem-icon-half-1\"><span class=\"back-angle\"><img class=\"img-responsive\" src=\"https:\/\/www.divine-id.com\/wp-content\/uploads\/2025\/04\/picto-agilite.png\" alt=\"\"><\/span><\/span><span class=\"gem-icon-half-2\"><span class=\"back-angle\"><img class=\"img-responsive\" src=\"https:\/\/www.divine-id.com\/wp-content\/uploads\/2025\/04\/picto-agilite.png\" alt=\"\"><\/span><\/span><\/div> <\/div> <\/div> <div class=\"gem-infotext\"> <div class=\"gem-infotext__title\"> <div class=\"title-customize title-h4\" style=\"\"> Agility <\/div> <\/div> <div class=\"gem-infotext__subtitle\"> <div class=\"subtitle-customize text-body\" style=\"\"> The world of events is changing fast, and we need people who can adapt, bounce back and find quick and effective solutions. <\/div> <\/div> <\/div> <\/div> <\/div>[\/vc_column][\/vc_row][vc_row css=&#8221;.vc_custom_1741094879161{padding-top: 40px !important;padding-bottom: 70px !important;}&#8221; el_id=&#8221;offres-demploi&#8221;][vc_column offset=&#8221;vc_col-lg-6 vc_col-md-6&#8243;]<div class=\"lazy-loading\" data-ll-item-delay=\"0\"><div class=\"gem-textbox  lazy-loading-item\"  data-ll-effect=\"move-up\" ><div class=\"gem-textbox-inner\" style=\"\"><div class=\"gem-textbox-content\" style=\"background-position: center top;padding-top: 0px;\"><div class=\"clearboth\"><\/div><style>#thegem-divider-6a0832cb39219 {margin-top: 30px !important;}<\/style><div id=\"thegem-divider-6a0832cb39219\" class=\"gem-divider  \" style=\"\" ><\/div><div class=\"clearboth\"><\/div><style>#thegem-divider-6a0832cb3923a {margin-top: 70px !important;}<\/style><div id=\"thegem-divider-6a0832cb3923a\" class=\"gem-divider  divider-hidden\" style=\"\" ><\/div>[vc_column_text css=&#8221;.vc_custom_1743435416302{margin-bottom: 0px !important;padding-bottom: 20px !important;}&#8221; css_animation=&#8221;bottom-to-top&#8221;]<\/p>\n<div class=\"title-h2\"><b>Our job offers<\/b><span style=\"color: #c19d4d; font-size: 52px;\">.<\/span><\/div>\n<p>[\/vc_column_text][vc_column_text css=&#8221;.vc_custom_1743435491064{margin-bottom: 0px !important;padding-bottom: 20px !important;}&#8221; css_animation=&#8221;bottom-to-top&#8221;]<strong>WE ARE CURRENTLY LOOKING FOR PROFILES FOR THE FOLLOWING POSITIONS:<\/strong>[\/vc_column_text]<\/div><\/div><\/div><\/div>[\/vc_column][vc_column width=&#8221;1\/2&#8243; offset=&#8221;vc_col-lg-3 vc_col-md-3&#8243;]<div class=\"clearboth\"><\/div><style>#thegem-divider-6a0832cb3926f {margin-top: 100px !important;}<\/style><div id=\"thegem-divider-6a0832cb3926f\" class=\"gem-divider  divider-hidden\" style=\"\" ><\/div>[vc_column_text css=&#8221;&#8221; css_animation=&#8221;bottom-to-top&#8221;]<\/p>\n<div class=\"title-h5\">A STIMULATING ENVIRONMENT<\/div>\n<p>[\/vc_column_text][vc_column_text css=&#8221;&#8221; css_animation=&#8221;bottom-to-top&#8221;]Working at divine id means working in an environment where every day is different, full of challenges and learning opportunities.[\/vc_column_text][\/vc_column][vc_column width=&#8221;1\/2&#8243; offset=&#8221;vc_col-lg-3 vc_col-md-3&#8243;]<div class=\"clearboth\"><\/div><style>#thegem-divider-6a0832cb3928e {margin-top: 100px !important;}<\/style><div id=\"thegem-divider-6a0832cb3928e\" class=\"gem-divider  divider-hidden\" style=\"\" ><\/div>[vc_column_text css=&#8221;&#8221; css_animation=&#8221;bottom-to-top&#8221;]<\/p>\n<div class=\"title-h5\">A CLOSE-KNIT, CARING TEAM<\/div>\n<p>[\/vc_column_text][vc_column_text css=&#8221;&#8221; css_animation=&#8221;bottom-to-top&#8221;]We make it a point of honor to cultivate a spirit of mutual support and caring. The working atmosphere is friendly, respectful and collaborative.[\/vc_column_text][\/vc_column][\/vc_row][vc_row full_width=&#8221;stretch_row&#8221; css=&#8221;.vc_custom_1741602392608{margin-top: -120px !important;padding-bottom: 120px !important;background-color: #ffffff !important;}&#8221; z_index=&#8221;1&#8243; custom_css_code=&#8221;JTIwLmFjYy1idXR0b24lM0Fob3ZlciUyMCU3QiUwQSUyMCUyMCUyMCUyMGJhY2tncm91bmQtY29sb3IlM0ElMjAlMjMwMDAlMjAlMjFpbXBvcnRhbnQlM0IlMEElMjAlMjAlMjAlMjBjb2xvciUzQSUyMCUyM2ZmZiUyMCUyMWltcG9ydGFudCUzQiUwQSU3RCUwQS52Y190dGEudmNfZ2VuZXJhbCUyMC52Y190dGEtdGl0bGUtdGV4dCUyMCU3QiUwQSUyMCUyMCUyMCUyMGZvbnQtc2l6ZSUzQSUyMDcwcHglM0IlMEElMjAlMjAlMjAlMjBsaW5lLWhlaWdodCUzQSUyMDg0cHglM0IlMEElN0QlMEElNDBtZWRpYSUyOG1heC13aWR0aCUzQTc2N3B4JTI5JTIwJTdCJTBBLnZjX3R0YS52Y19nZW5lcmFsJTIwLnZjX3R0YS10aXRsZS10ZXh0JTIwJTdCJTBBJTIwJTIwJTIwJTIwZm9udC1zaXplJTNBJTIwNTBweCUzQiUwQSUyMCUyMCUyMCUyMGxpbmUtaGVpZ2h0JTNBJTIwNjRweCUzQiUwQSU3RCU3RCUwQSUyMC52Y190dGEudmNfdHRhLWNvbG9yLXRoZWdlbS52Y190dGEtc3R5bGUtc2ltcGxlX3NvbGlkJTIwLnZjX3R0YS1jb250cm9scy1pY29uJTNBJTNBYmVmb3JlJTJDJTBBJTIwLnZjX3R0YS52Y190dGEtY29sb3ItdGhlZ2VtLnZjX3R0YS1zdHlsZS1zaW1wbGVfc29saWQlMjAudmNfdHRhLWNvbnRyb2xzLWljb24lM0ElM0FhZnRlciUyMCU3QiUwQSUyMCUyMCUyMCUyMGJvcmRlci1jb2xvciUzQSUyMCUyMzAwMCUzQiUwQSUyMCUyMCUyMCUyMGNvbG9yJTNBJTIwJTIzMDAwJTNCJTBBJTdEJTBBJTIwLnZjX3R0YSUyMC52Y190dGEtY29udHJvbHMtaWNvbiUyMCU3QiUwQSUyMCUyMCUyMCUyMGhlaWdodCUzQSUyMDI0cHglM0IlMEElMjAlMjAlMjAlMjB3aWR0aCUzQSUyMDI0cHglM0IlMEElN0Q=&#8221; mobile_padding_bottom=&#8221;60&#8243;][vc_column][vc_tta_accordion title_tag=&#8221;h4&#8243; style=&#8221;simple_solid&#8221; shape=&#8221;square&#8221; c_position=&#8221;right&#8221; active_section=&#8221;&#8221; collapsible_all=&#8221;true&#8221; thegem_separator_color=&#8221;#000000&#8243; thegem_top_spacing=&#8221;10&#8243; thegem_bottom_spacing=&#8221;40&#8243;][vc_tta_section title=&#8221;Chef(fe) de projet international Junior (CDI)&#8221; tab_id=&#8221;1725457421852-b5db6805-ad1745&#8243;][vc_column_text css=&#8221;&#8221;]Nous recherchons un(e) chef(fe) de projet international junior confirm\u00e9(e), bilingue anglais, en CDI pour renforcer notre \u00e9quipe.<\/p>\n<p><strong>MISSION :<\/strong><br \/>\nAu sein d\u2019une \u00e9quipe de 11 personnes vous \u00eates en charge de l\u2019organisation de plusieurs \u00e9v\u00e9nements et participez \u00e0<br \/>\nl\u2019organisation des \u00e9v\u00e9nements majeurs de l\u2019agence.<\/p>\n<ul>\n<li>Etablir une relation de confiance avec les clients de l\u2019agence<\/li>\n<li>La gestion des sites et des prestataires<\/li>\n<li>La coordination du programme scientifique et des intervenants<\/li>\n<li>La recherche de partenaires financiers<\/li>\n<li>La gestion de l\u2019exposition<\/li>\n<li>Le suivi budg\u00e9taire<\/li>\n<li>La logistique des participants au congr\u00e8s (inscriptions, suivi, facturation, encaissement, mise \u00e0 jour)<\/li>\n<li>La promotion des \u00e9v\u00e9nements et la r\u00e9daction de contenus<\/li>\n<\/ul>\n<p><strong>PROFIL :<\/strong><\/p>\n<ul>\n<li style=\"list-style-type: none;\">\n<ul>\n<li>Capacit\u00e9 \u00e0 suivre de front plusieurs dossiers en autonomie, \u00e0 travailler en \u00e9quipe<\/li>\n<li>Solide sens de l\u2019organisation et de la gestion des priorit\u00e9s<\/li>\n<li>Rigueur et m\u00e9thode<\/li>\n<li>Adaptabilit\u00e9 et grande disponibilit\u00e9<\/li>\n<li>Dynamisme et tr\u00e8s grande r\u00e9activit\u00e9<\/li>\n<li>Ma\u00eetrise de la gestion du stress<\/li>\n<li>Excellente pr\u00e9sentation<\/li>\n<\/ul>\n<\/li>\n<\/ul>\n<p>De formation sup\u00e9rieure (niveau Bac +3 type Ecole de commerce, Facult\u00e9 section \u00e9v\u00e9nementiel, tourisme d\u2019affaire ou commerce international).<br \/>\nBon niveau d\u2019anglais indispensable.<\/p>\n<p><strong>AVANTAGES :<\/strong><\/p>\n<ul>\n<li style=\"list-style-type: none;\">\n<ul>\n<li>Une carte swile de titres restaurant pris en charge \u00e0 50%<\/li>\n<li>Une mutuelle familiale avantageuse<\/li>\n<li>Une pr\u00e9voyance prise en charge \u00e0 100%<\/li>\n<li>Votre abonnement aux transports publics pris en charge \u00e0 hauteur de 50%<\/li>\n<li>Des bureaux conviviaux au c\u0153ur du centre-ville de Marseille<\/li>\n<\/ul>\n<\/li>\n<\/ul>\n<p><strong>INFORMATION :<\/strong><\/p>\n<ul>\n<li>Lieu de travail : Marseille 1er arrondissement &#8211; d\u00e9placements<\/li>\n<li>Contrat : CDI<\/li>\n<li>Horaires : 39 h par semaine<\/li>\n<li>R\u00e9mun\u00e9ration : selon profil<\/li>\n<li>Date de d\u00e9marrage : septembre 2025<\/li>\n<li>Travail ponctuel en soir\u00e9e et week-end, et lors des \u00e9v\u00e9nements \u00e0 pr\u00e9voir<\/li>\n<\/ul>\n<p>Merci d\u2019envoyer votre candidature (lettre de motivation, CV et pr\u00e9tentions salariales) par mail \u00e0 recrutement@divine-id.com.<br \/>\nLes candidatures incompl\u00e8tes sans lettre de motivation ne seront pas \u00e9tudi\u00e9es.[\/vc_column_text]<div class=\"gem-button-container gem-button-position-left thegem-button-6a0832cb393093553    \"  ><a class=\"gem-button gem-button-size-small gem-button-style-flat gem-button-text-weight-normal\" data-ll-effect=\"drop-right-without-wrap\" style=\"border-radius: 4px;\" onmouseleave=\"\" onmouseenter=\"\" href=\"mailto:recrutement@divine-id.com\" target=\"_self\">Postuler<\/a><\/div> [\/vc_tta_section][\/vc_tta_accordion][\/vc_column][\/vc_row][vc_row][vc_column]<div class=\"clearboth\"><\/div><style>#thegem-divider-6a0832cb39334 {margin-top: 26px !important;}<\/style><div id=\"thegem-divider-6a0832cb39334\" class=\"gem-divider  \" style=\"\" ><\/div>[\/vc_column][\/vc_row]<\/p>\n<\/div>","protected":false},"excerpt":{"rendered":"<p>[vc_row full_width=&#8221;stretch_row&#8221; background_position_desktop=&#8221;center center&#8221; thegem_background_overlay=&#8221;true&#8221; css=&#8221;.vc_custom_1743337023479{margin-bottom: 0px !important;background-image: url(https:\/\/www.divine-id.com\/wp-content\/uploads\/2025\/03\/recrutement-agence-congres-marseille.jpg?id=33878) !important;background-position: center !important;background-repeat: no-repeat !important;background-size: cover !important;}&#8221; mobile_padding_top=&#8221;200&#8243; mobile_padding_bottom=&#8221;200&#8243; thegem_background_overlay_color=&#8221;#00000061&#8243;][vc_column][\/vc_column][\/vc_row][vc_row equal_height=&#8221;yes&#8221; mobile_padding_left=&#8221;21&#8243; mobile_padding_right=&#8221;21&#8243;][vc_column width=&#8221;7\/12&#8243; css=&#8221;.vc_custom_1740569406706{padding-top: 100px !important;padding-left: 110px !important;}&#8221; tablet_padding_top=&#8221;50&#8243; tablet_padding_bottom=&#8221;0&#8243;&#8230;<\/p>\n","protected":false},"author":1,"featured_media":0,"parent":0,"menu_order":0,"comment_status":"closed","ping_status":"closed","template":"","meta":{"footnotes":""},"class_list":["post-32075","page","type-page","status-publish"],"translation":{"provider":"WPGlobus","version":"3.0.2","language":"en","enabled_languages":["fr","en"],"languages":{"fr":{"title":true,"content":true,"excerpt":false},"en":{"title":true,"content":true,"excerpt":false}}},"yoast_head":"<!-- This site is optimized with the Yoast SEO plugin v27.1.1 - https:\/\/yoast.com\/product\/yoast-seo-wordpress\/ -->\n<title>Recrutement et Stages | Agence divine id<\/title>\n<meta name=\"robots\" content=\"index, follow, max-snippet:-1, max-image-preview:large, max-video-preview:-1\" \/>\n<link rel=\"canonical\" href=\"https:\/\/www.divine-id.com\/recrutement\/\" \/>\n<meta property=\"og:locale\" content=\"en_US\" \/>\n<meta property=\"og:type\" content=\"article\" \/>\n<meta property=\"og:title\" content=\"CARREERS - Divine id agency\" \/>\n<meta property=\"og:url\" content=\"https:\/\/www.divine-id.com\/recrutement\/\" \/>\n<meta property=\"og:site_name\" content=\"Divine id agency\" \/>\n<meta property=\"article:modified_time\" content=\"2026-04-14T08:52:17+00:00\" \/>\n<meta name=\"twitter:card\" content=\"summary_large_image\" \/>\n<script type=\"application\/ld+json\" class=\"yoast-schema-graph\">{\"@context\":\"https:\/\/schema.org\",\"@graph\":[{\"@type\":\"WebPage\",\"@id\":\"https:\/\/www.divine-id.com\/recrutement\/\",\"url\":\"https:\/\/www.divine-id.com\/recrutement\/\",\"name\":\"Recrutement et Stages | Agence divine id\",\"isPartOf\":{\"@id\":\"https:\/\/www.divine-id.com\/#website\"},\"datePublished\":\"2025-02-26T10:42:43+00:00\",\"dateModified\":\"2026-04-14T08:52:17+00:00\",\"description\":\"Vous cherchez une opportunit\u00e9 professionnelle en lien avec l'\u00e9v\u00e9nementiel ou le m\u00e9dical ? Retrouvez toutes les offres d'emploi et de stages de l'agence divine id.\",\"breadcrumb\":{\"@id\":\"https:\/\/www.divine-id.com\/recrutement\/#breadcrumb\"},\"inLanguage\":\"en-US\",\"potentialAction\":[{\"@type\":\"ReadAction\",\"target\":[\"https:\/\/www.divine-id.com\/recrutement\/\"]}]},{\"@type\":\"BreadcrumbList\",\"@id\":\"https:\/\/www.divine-id.com\/recrutement\/#breadcrumb\",\"itemListElement\":[{\"@type\":\"ListItem\",\"position\":1,\"name\":\"Accueil\",\"item\":\"https:\/\/www.divine-id.com\/\"},{\"@type\":\"ListItem\",\"position\":2,\"name\":\"Recrutement\"}]},{\"@type\":\"WebSite\",\"@id\":\"https:\/\/www.divine-id.com\/#website\",\"url\":\"https:\/\/www.divine-id.com\/\",\"name\":\"Divine id agency\",\"description\":\" Event agency &amp; professional congress organizer\",\"potentialAction\":[{\"@type\":\"SearchAction\",\"target\":{\"@type\":\"EntryPoint\",\"urlTemplate\":\"https:\/\/www.divine-id.com\/?s={search_term_string}\"},\"query-input\":{\"@type\":\"PropertyValueSpecification\",\"valueRequired\":true,\"valueName\":\"search_term_string\"}}],\"inLanguage\":\"en-US\"}]}<\/script>\n<!-- \/ Yoast SEO plugin. -->","yoast_head_json":{"title":"Recrutement et Stages | Agence divine id","robots":{"index":"index","follow":"follow","max-snippet":"max-snippet:-1","max-image-preview":"max-image-preview:large","max-video-preview":"max-video-preview:-1"},"canonical":"https:\/\/www.divine-id.com\/recrutement\/","og_locale":"en_US","og_type":"article","og_title":"CARREERS - Divine id agency","og_url":"https:\/\/www.divine-id.com\/recrutement\/","og_site_name":"Divine id agency","article_modified_time":"2026-04-14T08:52:17+00:00","twitter_card":"summary_large_image","schema":{"@context":"https:\/\/schema.org","@graph":[{"@type":"WebPage","@id":"https:\/\/www.divine-id.com\/recrutement\/","url":"https:\/\/www.divine-id.com\/recrutement\/","name":"Recrutement et Stages | Agence divine id","isPartOf":{"@id":"https:\/\/www.divine-id.com\/#website"},"datePublished":"2025-02-26T10:42:43+00:00","dateModified":"2026-04-14T08:52:17+00:00","description":"Vous cherchez une opportunit\u00e9 professionnelle en lien avec l'\u00e9v\u00e9nementiel ou le m\u00e9dical ? Retrouvez toutes les offres d'emploi et de stages de l'agence divine id.","breadcrumb":{"@id":"https:\/\/www.divine-id.com\/recrutement\/#breadcrumb"},"inLanguage":"en-US","potentialAction":[{"@type":"ReadAction","target":["https:\/\/www.divine-id.com\/recrutement\/"]}]},{"@type":"BreadcrumbList","@id":"https:\/\/www.divine-id.com\/recrutement\/#breadcrumb","itemListElement":[{"@type":"ListItem","position":1,"name":"Accueil","item":"https:\/\/www.divine-id.com\/"},{"@type":"ListItem","position":2,"name":"Recrutement"}]},{"@type":"WebSite","@id":"https:\/\/www.divine-id.com\/#website","url":"https:\/\/www.divine-id.com\/","name":"Divine id agency","description":" Event agency &amp; professional congress organizer","potentialAction":[{"@type":"SearchAction","target":{"@type":"EntryPoint","urlTemplate":"https:\/\/www.divine-id.com\/?s={search_term_string}"},"query-input":{"@type":"PropertyValueSpecification","valueRequired":true,"valueName":"search_term_string"}}],"inLanguage":"en-US"}]}},"amp_enabled":true,"post_mailing_queue_ids":[],"_links":{"self":[{"href":"https:\/\/www.divine-id.com\/en\/wp-json\/wp\/v2\/pages\/32075","targetHints":{"allow":["GET"]}}],"collection":[{"href":"https:\/\/www.divine-id.com\/en\/wp-json\/wp\/v2\/pages"}],"about":[{"href":"https:\/\/www.divine-id.com\/en\/wp-json\/wp\/v2\/types\/page"}],"author":[{"embeddable":true,"href":"https:\/\/www.divine-id.com\/en\/wp-json\/wp\/v2\/users\/1"}],"replies":[{"embeddable":true,"href":"https:\/\/www.divine-id.com\/en\/wp-json\/wp\/v2\/comments?post=32075"}],"version-history":[{"count":61,"href":"https:\/\/www.divine-id.com\/en\/wp-json\/wp\/v2\/pages\/32075\/revisions"}],"predecessor-version":[{"id":35558,"href":"https:\/\/www.divine-id.com\/en\/wp-json\/wp\/v2\/pages\/32075\/revisions\/35558"}],"wp:attachment":[{"href":"https:\/\/www.divine-id.com\/en\/wp-json\/wp\/v2\/media?parent=32075"}],"curies":[{"name":"wp","href":"https:\/\/api.w.org\/{rel}","templated":true}]}}